{"id":3491,"date":"2019-02-25T12:18:57","date_gmt":"2019-02-25T11:18:57","guid":{"rendered":"https:\/\/www.gems-consult.com\/?page_id=3491"},"modified":"2025-04-09T12:05:38","modified_gmt":"2025-04-09T11:05:38","slug":"academy","status":"publish","type":"page","link":"https:\/\/gems-consult.com\/fr\/academy\/","title":{"rendered":"Acad\u00e9mie des gemmes"},"content":{"rendered":"<p style=\"text-align: justify;\"><a href=\"https:\/\/gems-consult.com\/wp-content\/uploads\/2015\/08\/purchased-pix-pix.jpg\"><img loading=\"lazy\" class=\"wp-image-2151 alignleft\" src=\"https:\/\/www.gems-consult.com\/wp-content\/uploads\/2015\/08\/purchased-pix-pix-300x200.jpg\" alt=\"GTS\" width=\"251\" height=\"167\" srcset=\"https:\/\/gems-consult.com\/wp-content\/uploads\/2015\/08\/purchased-pix-pix-300x200.jpg 300w, https:\/\/gems-consult.com\/wp-content\/uploads\/2015\/08\/purchased-pix-pix-1024x683.jpg 1024w\" sizes=\"(max-width: 251px) 100vw, 251px\" \/><\/a> Gems Academy est une \u00e9cole de formation d\u00e9di\u00e9e uniquement \u00e0 fournir une formation technique et fonctionnelle sur Microsoft Dynamics AX, NAV, CRM ainsi que d&#39;autres packages Microsoft et solutions informatiques. Notre acad\u00e9mie est un partenaire d&#39;apprentissage certifi\u00e9 Microsoft avec des formateurs certifi\u00e9s Microsoft. Nous exploitons des laboratoires informatiques \u00e0 la pointe de la technologie et nos cours sont strictement des programmes officiels de Microsoft pour assurer une valeur ajout\u00e9e d\u00e9monstrative. Gems Academy est le meilleur endroit pour se pr\u00e9parer aux examens de certification et pour am\u00e9liorer vos comp\u00e9tences sur les solutions Microsoft.<\/p>\n<p>&nbsp;<\/p>\n<h4 style=\"text-align: center;\">Nos services de formation<\/h4>\n<p style=\"text-align: justify;\"><a href=\"https:\/\/gems-consult.com\/wp-content\/uploads\/2015\/08\/Screen-Shot-2015-09-11-at-11.29.27-AM-e1441967616482.png\"><img loading=\"lazy\" class=\"size-full wp-image-2389 aligncenter\" src=\"https:\/\/www.gems-consult.com\/wp-content\/uploads\/2015\/08\/Screen-Shot-2015-09-11-at-11.29.27-AM-e1441967616482.png\" alt=\"gems training grid\" width=\"729\" height=\"198\" srcset=\"https:\/\/gems-consult.com\/wp-content\/uploads\/2015\/08\/Screen-Shot-2015-09-11-at-11.29.27-AM-e1441967616482.png 729w, https:\/\/gems-consult.com\/wp-content\/uploads\/2015\/08\/Screen-Shot-2015-09-11-at-11.29.27-AM-e1441967616482-300x81.png 300w\" sizes=\"(max-width: 729px) 100vw, 729px\" \/><\/a>Nous formons et d\u00e9veloppons des utilisateurs exp\u00e9riment\u00e9s de Microsoft Dynamics ainsi que de nouveaux dipl\u00f4m\u00e9s qui ont l&#39;intention d&#39;acqu\u00e9rir des comp\u00e9tences dans Microsoft Dynamics Business Solution. Cliquez ici pour voir notre <a href=\"https:\/\/gems-consult.com\/fr\/gems-academy\/gts-training-calendar\/\">Calendrier de formation<\/a><\/p>\n<hr \/>\n<p style=\"text-align: justify;\">[dropcap]A[\/dropcap]\n<h5 style=\"text-align: justify;\">Formation Microsoft Dynamics pour les utilisateurs exp\u00e9riment\u00e9s<\/h5>\n[extra_wrap]\n<p style=\"text-align: justify;\">Cela implique de fournir une formation aux individus et aux organisations qui d\u00e9ploient et utilisent des solutions commerciales telles que NAV, CRM ou AX. Nos programmes aident \u00e0 am\u00e9liorer la comp\u00e9tence des participants dans l&#39;utilisation du syst\u00e8me afin de rendre les individus et les organisations plus efficaces dans leurs emplois et leurs entreprises.<\/p>\n<p style=\"text-align: justify;\"><em><span style=\"color: #ff0000;\"> Nous proposons deux options aux utilisateurs exp\u00e9riment\u00e9s de Microsoft Dynamics;<\/span><\/em><\/p>\n<p style=\"text-align: justify;\">[circle_arrow_list]\n<ul>\n<li style=\"text-align: justify;\">Programmes publics ouverts \u00e0 tous les utilisateurs de diff\u00e9rentes organisations. Pour voir nos programmes publics, t\u00e9l\u00e9chargez notre calendrier de formation <a href=\"https:\/\/gems-consult.com\/fr\/wp-content\/uploads\/2017\/02\/Gems-Academy-2017-Training-Calendar.pdf\/\">ici<\/a><\/li>\n<li style=\"text-align: justify;\">L&#39;option Fly-Me-A-Trainer est destin\u00e9e aux organisations ou aux particuliers qui souhaitent pr\u00e9server leur confidentialit\u00e9 et r\u00e9duire les co\u00fbts en m\u00eame temps. Dans ce cas, nous fournissons un formateur qui offre le programme sur le site de notre client et \u00e0 sa convenance. La formation peut \u00eatre personnalis\u00e9e en fonction des processus commerciaux du client pour ainsi dire.<\/li>\n<\/ul>\n<p style=\"text-align: justify;\">[\/circle_arrow_list]\n<p style=\"text-align: justify;\">[\/extra_wrap]\n<hr \/>\n[dropcap]B[\/dropcap]\n<h5>Programme de formation pour dipl\u00f4m\u00e9s Microsoft Dynamics<\/h5>\n[extra_wrap]\n<p style=\"text-align: justify;\">Le programme de formation des dipl\u00f4m\u00e9s de Microsoft Dynamics est un programme de formation intensive de deux mois sur Microsoft Dynamics con\u00e7u sp\u00e9cifiquement pour les nouveaux dipl\u00f4m\u00e9s et les personnes qui d\u00e9couvrent Microsoft Dynamics. Ce programme de certification offre aux individus la possibilit\u00e9 de devenir des professionnels certifi\u00e9s en solutions de gestion d'entreprise Microsoft \u00e0 la fin du programme.<\/p>\n<p style=\"text-align: justify;\"><em><span style=\"color: #ff0000;\">Les participants peuvent choisir n&#39;importe quel chemin de certification sur AX, NAV ou CRM. Les chemins de certification comprennent;<\/span><\/em><\/p>\n<p style=\"text-align: justify;\">[circle_arrow_list]\n<ul>\n<li style=\"text-align: justify;\">Technique<\/li>\n<li style=\"text-align: justify;\">Fonctionnel<\/li>\n<\/ul>\n<p>Vous pouvez obtenir plus d&#39;informations sur notre <a href=\"https:\/\/gems-consult.com\/fr\/gems-academy\/microsoft-dynamics-graduate-training-program\/\">Programme de formation pour dipl\u00f4m\u00e9s Microsoft Dynamics ici<\/a>.<\/p>\n<p style=\"text-align: justify;\">[\/circle_arrow_list]\n<p style=\"text-align: justify;\">[\/extra_wrap]\n<hr \/>\n<p style=\"text-align: justify;\">[dropcap]C[\/dropcap]\n<h5 style=\"text-align: justify;\">Abonnement annuel \u00e0 la formation<\/h5>\n[extra_wrap]\n<p style=\"text-align: justify;\">Notre abonnement \u00e0 la formation annuelle Microsoft Dynamics est une plate-forme qui permet \u00e0 nos clients de souscrire \u00e0 une formation ERP pendant un nombre particulier de jours dans l&#39;ann\u00e9e et \u00e0 une prime annuelle convenue. Cette plateforme est con\u00e7ue pour les responsables ERP et RH qui souhaitent maximiser leur budget annuel de formation tout en r\u00e9alisant leur plan de formation annuel.<\/p>\n<p style=\"text-align: justify;\"><em><span style=\"color: #ff0000;\">C&#39;est aussi simple que de choisir un allotissement qui correspond \u00e0 votre budget;<\/span><\/em><\/p>\n<p style=\"text-align: justify;\">\n<p style=\"text-align: justify;\">[td1] A [\/ td1] [td2] 10 [\/ td2] [td3] 9 [\/ td3] [td4] N1 000 000 [\/ td4]\n<p style=\"text-align: justify;\">[td1] B [\/ td1] [td2] 15 [\/ td2] [td3] 12 [\/ td3] [td4] N1,500,000 [\/ td4]\n<p style=\"text-align: justify;\">[td1] C [\/ td1] [td2] 25 [\/ td2] [td3] 15 [\/ td3] [td4] N2 000 000 [\/ td4]\n<p style=\"text-align: justify;\">[td1] D [\/ td1] [td2] 35 [\/ td2] [td3] 18 [\/ td3] [td4] N2,500,000 [\/ td4]\n<p style=\"text-align: justify;\">\n<p style=\"text-align: justify;\"><a href=\"https:\/\/gems-consult.com\/fr\/gems-academy\/microsoft-dynamics-annual-training-subscription\/\">Cliquez ici pour plus d&#39;informations sur notre abonnement annuel \u00e0 la formation<\/a><\/p>\n[\/extra_wrap]\n<hr \/>\n[dropcap]D[\/dropcap]\n<h5>Autres solutions informatiques et cours de gestion<\/h5>\n[extra_wrap]We also provide training on other IT solutions and management courses such as:<\/p>\n[circle_arrow_list]\n<ul>\n<li>ITIL<\/li>\n<li>SharePoint<\/li>\n<li>Microsoft Office<\/li>\n<li>Programmation en C#<\/li>\n<li>Renforcement des comp\u00e9tences<\/li>\n<\/ul>\n[\/circle_arrow_list]\n[\/extra_wrap]","protected":false},"excerpt":{"rendered":"<p>Gems Academy is a training school solely dedicated to providing technical and functional training on Microsoft Dynamics AX, NAV, CRM as well as other Microsoft packages and IT solutions. Our academy is a Microsoft Certified Learning Partner with Microsoft Certified Trainers. We operate State-of-the-Art computer labs and our courses are strictly Microsoft Official Curriculum to<\/p>","protected":false},"author":1,"featured_media":0,"parent":0,"menu_order":0,"comment_status":"closed","ping_status":"closed","template":"","meta":[],"_links":{"self":[{"href":"https:\/\/gems-consult.com\/fr\/wp-json\/wp\/v2\/pages\/3491"}],"collection":[{"href":"https:\/\/gems-consult.com\/fr\/wp-json\/wp\/v2\/pages"}],"about":[{"href":"https:\/\/gems-consult.com\/fr\/wp-json\/wp\/v2\/types\/page"}],"author":[{"embeddable":true,"href":"https:\/\/gems-consult.com\/fr\/wp-json\/wp\/v2\/users\/1"}],"replies":[{"embeddable":true,"href":"https:\/\/gems-consult.com\/fr\/wp-json\/wp\/v2\/comments?post=3491"}],"version-history":[{"count":4,"href":"https:\/\/gems-consult.com\/fr\/wp-json\/wp\/v2\/pages\/3491\/revisions"}],"predecessor-version":[{"id":11884,"href":"https:\/\/gems-consult.com\/fr\/wp-json\/wp\/v2\/pages\/3491\/revisions\/11884"}],"wp:attachment":[{"href":"https:\/\/gems-consult.com\/fr\/wp-json\/wp\/v2\/media?parent=3491"}],"curies":[{"name":"wp","href":"https:\/\/api.w.org\/{rel}","templated":true}]}}