{"id":2490,"date":"2015-11-17T13:33:09","date_gmt":"2015-11-17T12:33:09","guid":{"rendered":"https:\/\/www.gems-consult.com\/?page_id=2490"},"modified":"2020-07-10T17:01:15","modified_gmt":"2020-07-10T16:01:15","slug":"professionals-network","status":"publish","type":"page","link":"https:\/\/gems-consult.com\/fr\/academy\/professionals-network\/","title":{"rendered":"R\u00e9seau de professionnels Microsoft Dynamics"},"content":{"rendered":"<p><strong>GEMS ACADEMY MICROSOFT DYNAMICS RESEAU DE PROFESSIONNELS<\/strong><\/p>\n<p style=\"text-align: justify;\">Rejoignez notre r\u00e9seau de professionnels Microsoft Dynamics et laissez-nous vous mettre en relation avec les entreprises et les personnes que vous recherchez.<\/p>\n<p style=\"text-align: justify;\">Le r\u00e9seau de professionnels Microsoft Dynamics de Gems Academy est une plateforme qui rassemble les personnes ayant des connaissances sur Microsoft Dynamics et les organisations qui utilisent les solutions Microsoft Dynamics. Pour ce faire, nous cr\u00e9ons un groupe de professionnels poss\u00e9dant les connaissances et l'exp\u00e9rience de Microsoft Dynamics. Nous formons et mettons \u00e0 jour ces personnes avec les connaissances Microsoft Dynamics dont elles ont besoin pour prendre en charge des solutions telles que Microsoft Dynamics NAV, AX et CRM.<\/p>\n<p style=\"text-align: justify;\">Gr\u00e2ce \u00e0 notre programme de formation et de stage pour les dipl\u00f4m\u00e9s Microsoft Dynamics, nous sommes en mesure de former de jeunes dipl\u00f4m\u00e9s et de leur donner les comp\u00e9tences et les connaissances dont ils ont besoin pour prendre en charge les solutions Microsoft Dynamics. En outre, nous attirons un bon nombre de professionnels qui sont bien ancr\u00e9s dans Microsoft Dynamics et qui ont une grande exp\u00e9rience de soutien de la solution.<\/p>\n<p><strong>Particuliers<\/strong><\/p>\n<p>Les personnes qui rejoignent notre r\u00e9seau professionnel;<\/p>\n<ul>\n<li>Acc\u00e8dent \u00e0 des s\u00e9minaires gratuits sur Microsoft Dynamics par l'interm\u00e9diaire de la Gems Academy<\/li>\n<li>Participent \u00e0 nos projets en cours dans le pays \nRejoignent notre r\u00e9seau professionnel;<\/li>\n<li>Participez \u00e0 nos projets en cours \u00e0 travers le pays<\/li>\n<\/ul>\n<p>Pour rejoindre notre r\u00e9seau professionnel;<\/p>\n<p><strong>Les Novices<\/strong>: simply apply for our Microsoft Dynamics Graduate Training and Internship Program <a href=\"https:\/\/gems-consult.com\/fr\/gems-academy\/microsoft-dynamics-graduate-training-program\/\">https:\/\/www.gems-consult.com\/gems-academy\/microsoft-dynamics-graduate-training-program\/<\/a><\/p>\n<p><strong>Utilisateurs professionnels:<\/strong>: send your resume to <a href=\"mailto:training@gems-consult.com\">training@gems-consult.com<\/a><\/p>\n<p style=\"text-align: justify;\"><strong>Les organisations<\/strong><\/p>\n<p style=\"text-align: justify;\">Les entreprises qui s'inscrivent chez nous disposent d'un r\u00e9servoir de ressources en personnel exp\u00e9riment\u00e9 pour r\u00e9pondre \u00e0 leurs besoins au fur et \u00e0 mesure qu'ils se pr\u00e9sentent. De plus, nous \u00e9liminons le co\u00fbt de la formation des personnes car Gems Academy forme le professionnel \u00e0 se familiariser avec votre syst\u00e8me avant qu'il ne soit d\u00e9ploy\u00e9 dans votre organisation. Gr\u00e2ce \u00e0 cette plate-forme, les organisations peuvent ;<\/p>\n<ul>\n<li style=\"text-align: justify;\">R\u00e9duire les co\u00fbts de recrutement<\/li>\n<li>R\u00e9duire les d\u00e9lais de recrutement<\/li>\n<li>Obtenir le personnel ad\u00e9quat ayant les connaissances requises en mati\u00e8re d'ERP<\/li>\n<li>Obtenir du personnel de soutien temporaire pour Microsoft Dynamics<\/li>\n<\/ul>\n<p>Obtenez les employ\u00e9s que vous recherchez en remplissant simplement notre formulaire de contact <a href=\"https:\/\/gems-consult.com\/fr\/contact\/\" target=\"_blank\" rel=\"noopener\">forme<\/a>.<\/p>","protected":false},"excerpt":{"rendered":"<p>GEMS ACADEMY MICROSOFT DYNAMICS PROFESSIONALS NETWORK Join our network of Microsoft Dynamics professionals and let us connect you with businesses and individuals you have been looking for. The Gems Academy Microsoft Dynamics Professionals Network is a platform that brings together individuals with Microsoft Dynamics knowledge and Organizations that use Microsoft Dynamics solutions. This is accomplished<\/p>","protected":false},"author":1,"featured_media":0,"parent":3491,"menu_order":0,"comment_status":"closed","ping_status":"closed","template":"","meta":[],"_links":{"self":[{"href":"https:\/\/gems-consult.com\/fr\/wp-json\/wp\/v2\/pages\/2490"}],"collection":[{"href":"https:\/\/gems-consult.com\/fr\/wp-json\/wp\/v2\/pages"}],"about":[{"href":"https:\/\/gems-consult.com\/fr\/wp-json\/wp\/v2\/types\/page"}],"author":[{"embeddable":true,"href":"https:\/\/gems-consult.com\/fr\/wp-json\/wp\/v2\/users\/1"}],"replies":[{"embeddable":true,"href":"https:\/\/gems-consult.com\/fr\/wp-json\/wp\/v2\/comments?post=2490"}],"version-history":[{"count":0,"href":"https:\/\/gems-consult.com\/fr\/wp-json\/wp\/v2\/pages\/2490\/revisions"}],"up":[{"embeddable":true,"href":"https:\/\/gems-consult.com\/fr\/wp-json\/wp\/v2\/pages\/3491"}],"wp:attachment":[{"href":"https:\/\/gems-consult.com\/fr\/wp-json\/wp\/v2\/media?parent=2490"}],"curies":[{"name":"wp","href":"https:\/\/api.w.org\/{rel}","templated":true}]}}