{"id":2375,"date":"2017-08-02T11:23:38","date_gmt":"2017-08-02T10:23:38","guid":{"rendered":"https:\/\/www.gems-consult.com\/?page_id=2375"},"modified":"2026-03-04T09:13:53","modified_gmt":"2026-03-04T08:13:53","slug":"gtp","status":"publish","type":"page","link":"https:\/\/gems-consult.com\/fr\/academy\/gtp\/","title":{"rendered":"Programme de formation et stage Microsoft Dynamics"},"content":{"rendered":"<p>Global relevance is dependent on the direction of one\u2019s effort on what matters and as it pertains to business solutions Microsoft has made a huge impact on the market through carefully designed solutions to meet the challenge of the dynamic business world. Gems academy is a silver learning partner providing strictly Microsoft curriculum-based courses to ensure demonstrative value addition and to increase proficiency on Microsoft Products.<\/p>\n<p>Our Microsoft Dynamics graduate trainee program is a specially designed program which is an intensive hand \u2013 on training for empowering fresh graduates that desire to be Microsoft Certified Business Management Solution Professionals and make impact on business processes for optimum productivity. This intensive hands-on training is an hybrid program that runs both online and on-premises for several lead by Microsoft Certified trainers with years of project delivery experience, also there is opportunity for internship. Register to make use of this rare opportunity day and truly dive into the world of Enterprise Resource Planning today.<\/p>\n<h3>Avantages<\/h3>\n<ul>\n<li>La Gems Academy est un partenaire d'apprentissage certifi\u00e9 Microsoft Silver et nos instructeurs sont certifi\u00e9s Microsoft<\/li>\n<li>Participants can further their career path by taking certification courses and becomes Microsoft Certified.<\/li>\n<li>\u00a0Conducive learning environment.<\/li>\n<li>\u00a0Trainings can be delivered via online video conferencing<\/li>\n<li>\u00a0Formation pratique<\/li>\n<li>\u00a0Am\u00e9liore les chances d'emploi des participants gr\u00e2ce \u00e0 notre solide base de donn\u00e9es sur la client\u00e8le<\/li>\n<\/ul>\n<h3>Training Fee:<\/h3>\n<p><strong>N350,000<\/strong> *Flexible payment options<\/p>\n<h3>Application:<\/h3>\n<style type=\"text\/css\"> .magee-btn-normal,.magee-btn-normal:hover{text-decoration:none !important;}a.button-69d63aa985d55,a.button-69d63aa985d55:hover{color:#ffffff;}a.button-69d63aa985d55 {color: #ffffff !important;border-color: #ffffff !important;}a.button-69d63aa985d55 {background-color:#3b3467 !important;}a.button-69d63aa985d55:active,\r\n\t\t\ta.button-69d63aa985d55:hover,\r\n\t\t\ta.button-69d63aa985d55:focus\r\n\t\t\t{background-color:#352f5d !important;}<\/style><a href=\"https:\/\/gems-consult.com\/fr\/gtp_registration\/\" target=\"_self\" style=\"\" class=\"magee-btn-normal button-69d63aa985d55 btn-md\" id=\"\"><i class=\"fa fa-hand-o-right animated infinite pulse\"><\/i>  Cliquez ici pour postuler<\/a>","protected":false},"excerpt":{"rendered":"<p>Global relevance is dependent on the direction of one\u2019s effort on what matters and as it pertains to business solutions Microsoft has made a huge impact on the market through carefully designed solutions to meet the challenge of the dynamic business world. Gems academy is a silver learning partner providing strictly Microsoft curriculum-based courses to<\/p>","protected":false},"author":1,"featured_media":11785,"parent":3491,"menu_order":0,"comment_status":"closed","ping_status":"closed","template":"","meta":[],"_links":{"self":[{"href":"https:\/\/gems-consult.com\/fr\/wp-json\/wp\/v2\/pages\/2375"}],"collection":[{"href":"https:\/\/gems-consult.com\/fr\/wp-json\/wp\/v2\/pages"}],"about":[{"href":"https:\/\/gems-consult.com\/fr\/wp-json\/wp\/v2\/types\/page"}],"author":[{"embeddable":true,"href":"https:\/\/gems-consult.com\/fr\/wp-json\/wp\/v2\/users\/1"}],"replies":[{"embeddable":true,"href":"https:\/\/gems-consult.com\/fr\/wp-json\/wp\/v2\/comments?post=2375"}],"version-history":[{"count":5,"href":"https:\/\/gems-consult.com\/fr\/wp-json\/wp\/v2\/pages\/2375\/revisions"}],"predecessor-version":[{"id":11934,"href":"https:\/\/gems-consult.com\/fr\/wp-json\/wp\/v2\/pages\/2375\/revisions\/11934"}],"up":[{"embeddable":true,"href":"https:\/\/gems-consult.com\/fr\/wp-json\/wp\/v2\/pages\/3491"}],"wp:featuredmedia":[{"embeddable":true,"href":"https:\/\/gems-consult.com\/fr\/wp-json\/wp\/v2\/media\/11785"}],"wp:attachment":[{"href":"https:\/\/gems-consult.com\/fr\/wp-json\/wp\/v2\/media?parent=2375"}],"curies":[{"name":"wp","href":"https:\/\/api.w.org\/{rel}","templated":true}]}}